{"id":2485,"date":"2020-10-08T21:43:53","date_gmt":"2020-10-08T19:43:53","guid":{"rendered":"https:\/\/www.schwaiger.cc\/wpsc_2025\/?page_id=2485"},"modified":"2024-12-19T11:30:05","modified_gmt":"2024-12-19T10:30:05","slug":"impressum-wartungen","status":"publish","type":"page","link":"https:\/\/www.schwaiger.cc\/wpsc_2025\/impressum-wartungen\/","title":{"rendered":"Impressum Wartungen"},"content":{"rendered":"\t\t<div data-elementor-type=\"wp-page\" data-elementor-id=\"2485\" class=\"elementor elementor-2485\">\n\t\t\t\t\t\t<section class=\"elementor-section elementor-top-section elementor-element elementor-element-25a26f8 elementor-section-boxed elementor-section-height-default elementor-section-height-default\" data-id=\"25a26f8\" data-element_type=\"section\">\r\n\t\t\t\t\t\t<div class=\"elementor-container elementor-column-gap-thegem\"><div class=\"elementor-row\">\r\n\t\t\t\t\t<div class=\"elementor-column elementor-col-100 elementor-top-column elementor-element elementor-element-1d43ea1\" data-id=\"1d43ea1\" data-element_type=\"column\">\n\t\t\t<div class=\"elementor-widget-wrap elementor-element-populated\">\n\t\t\t\t\t\t<div class=\"elementor-element elementor-element-1915684 flex-horizontal-align-default flex-horizontal-align-tablet-default flex-horizontal-align-mobile-default flex-vertical-align-default flex-vertical-align-tablet-default flex-vertical-align-mobile-default elementor-widget elementor-widget-text-editor\" data-id=\"1915684\" data-element_type=\"widget\" data-widget_type=\"text-editor.default\">\n\t\t\t\t<div class=\"elementor-widget-container\">\n\t\t\t\t\t\t\t\t\t\t\t\t<div class=\"elementor-text-editor elementor-clearfix\">\r\n\t\t\t\t\t\t<h2 id=\"m46\">Diensteanbieter<\/h2><p>Schwaiger Wartungs GmbH<\/p><p>Industriestra\u00dfe 44<\/p><p>5600 St.Johann im Pongau<\/p><p>\u00d6sterreich<\/p><h2 id=\"m56\">Kontaktm\u00f6glichkeiten<\/h2><p><strong>E-Mail-Adresse:<\/strong> <a href=\"mailto:wartung@schwaiger.cc\">wartung[at]schwaiger.cc<\/a><\/p><p><strong>Telefon:<\/strong> 06412 5577-55<\/p><p><strong>Fax:<\/strong> 06412 5577-9<\/p><h2 id=\"m153\">Vertretungsberechtigte<\/h2><p><strong>Vertretungsberechtigt:<\/strong> Ing. Hannes Schwaiger (Gesch\u00e4ftsf\u00fchrer)<\/p><h2 id=\"m58\">Angaben zum Unternehmen<\/h2><p><strong>Umsatzsteuer Identifikationsnummer (USt-ID):<\/strong> ATU65054237<\/p><p><strong>Gesch\u00e4ftsbereich:<\/strong> Wartung, Service &amp; Geb\u00e4udetechnik<\/p><h2 id=\"m151\">Register und Registernummer<\/h2><p>Firmenbuch<\/p><p><strong>Gef\u00fchrt bei:<\/strong> Handelsgericht Salzburg<\/p><p><strong>Nummer:<\/strong> 329856h<\/p><h2 id=\"m65\">Haftungs- und Schutzrechtshinweise<\/h2><p><strong>Haftungsausschluss<\/strong>: Die Inhalte dieses Onlineangebotes wurden sorgf\u00e4ltig und nach unserem aktuellen Kenntnisstand erstellt, dienen jedoch nur der Information und entfalten keine rechtlich bindende Wirkung, sofern es sich nicht um gesetzlich verpflichtende Informationen (z.B. das Impressum, die Datenschutzerkl\u00e4rung, AGB oder verpflichtende Belehrungen von Verbrauchern) handelt. Wir behalten uns vor, die Inhalte vollst\u00e4ndig oder teilweise zu \u00e4ndern oder zu l\u00f6schen, soweit vertragliche Verpflichtungen unber\u00fchrt bleiben. Alle Angebote sind freibleibend und unverbindlich.<\/p><p><strong>Links auf fremde Webseiten<\/strong>: Inhalte fremder Webseiten, auf die wir direkt oder indirekt verweisen, liegen au\u00dferhalb unseres Verantwortungsbereiches und machen wir uns nicht zu Eigen. F\u00fcr alle Inhalte und insbesondere f\u00fcr Sch\u00e4den, die aus der Nutzung der in den verlinkten Webseiten aufrufbaren Informationen entstehen, haftet allein der Anbieter der verlinkten Webseiten.<\/p><p class=\"seal\"><a title=\"Rechtstext von Dr. Schwenke - f\u00fcr weitere Informationen bitte anklicken.\" href=\"https:\/\/datenschutz-generator.de\/?l=de\" target=\"_blank\" rel=\"noopener noreferrer nofollow\"><img src=\"https:\/\/datenschutz-generator.de\/wp-content\/plugins\/ts-dsg\/images\/dsg-seal\/dsg-seal-ln-de.png\" alt=\"Rechtstext von Dr. Schwenke - f\u00fcr weitere Informationen bitte anklicken.\" width=\"250\" height=\"250\" \/><\/a><\/p>\t\t\t\t\t\t\t<\/div>\r\n\t\t\t\t\t\t\t\t\t\t<\/div>\n\t\t\t\t<\/div>\n\t\t\t\t\t<\/div>\n\t\t<\/div>\n\t\t\t\t\t<\/div><\/div>\r\n\t\t<\/section>\r\n\t\t\t\t<\/div>\n\t\t","protected":false},"excerpt":{"rendered":"<p>Diensteanbieter Schwaiger Wartungs GmbH Industriestra\u00dfe 44 5600 St.Johann im Pongau \u00d6sterreich Kontaktm\u00f6glichkeiten E-Mail-Adresse: wartung[at]schwaiger.cc Telefon: 06412 5577-55 Fax: 06412 5577-9&#8230;<\/p>\n","protected":false},"author":1,"featured_media":0,"parent":0,"menu_order":0,"comment_status":"closed","ping_status":"closed","template":"page-fullwidth.php","meta":{"_monsterinsights_skip_tracking":false,"_monsterinsights_sitenote_active":false,"_monsterinsights_sitenote_note":"","_monsterinsights_sitenote_category":0,"footnotes":""},"class_list":["post-2485","page","type-page","status-publish"],"yoast_head":"<!-- This site is optimized with the Yoast SEO plugin v26.0 - https:\/\/yoast.com\/wordpress\/plugins\/seo\/ -->\n<title>Impressum Wartungen - SCHWAIGER Heizung \u00b7 Sanit\u00e4r \u00b7 L\u00fcftung \u00b7 Wartungen \u00b7 Immobilien<\/title>\n<meta name=\"robots\" content=\"index, follow, max-snippet:-1, max-image-preview:large, max-video-preview:-1\" \/>\n<link rel=\"canonical\" href=\"https:\/\/www.schwaiger.cc\/wpsc_2025\/impressum-wartungen\/\" \/>\n<meta property=\"og:locale\" content=\"de_DE\" \/>\n<meta property=\"og:type\" content=\"article\" \/>\n<meta property=\"og:title\" content=\"Impressum Wartungen - SCHWAIGER Heizung \u00b7 Sanit\u00e4r \u00b7 L\u00fcftung \u00b7 Wartungen \u00b7 Immobilien\" \/>\n<meta property=\"og:description\" content=\"Diensteanbieter Schwaiger Wartungs GmbH Industriestra\u00dfe 44 5600 St.Johann im Pongau \u00d6sterreich Kontaktm\u00f6glichkeiten E-Mail-Adresse: wartung[at]schwaiger.cc Telefon: 06412 5577-55 Fax: 06412 5577-9...\" \/>\n<meta property=\"og:url\" content=\"https:\/\/www.schwaiger.cc\/wpsc_2025\/impressum-wartungen\/\" \/>\n<meta property=\"og:site_name\" content=\"SCHWAIGER Heizung \u00b7 Sanit\u00e4r \u00b7 L\u00fcftung \u00b7 Wartungen \u00b7 Immobilien\" \/>\n<meta property=\"article:modified_time\" content=\"2024-12-19T10:30:05+00:00\" \/>\n<meta property=\"og:image\" content=\"https:\/\/datenschutz-generator.de\/wp-content\/plugins\/ts-dsg\/images\/dsg-seal\/dsg-seal-ln-de.png\" \/>\n<meta name=\"twitter:card\" content=\"summary_large_image\" \/>\n<meta name=\"twitter:label1\" content=\"Gesch\u00e4tzte Lesezeit\" \/>\n\t<meta name=\"twitter:data1\" content=\"1\u00a0Minute\" \/>\n<script type=\"application\/ld+json\" class=\"yoast-schema-graph\">{\"@context\":\"https:\/\/schema.org\",\"@graph\":[{\"@type\":\"WebPage\",\"@id\":\"https:\/\/www.schwaiger.cc\/wpsc_2025\/impressum-wartungen\/\",\"url\":\"https:\/\/www.schwaiger.cc\/wpsc_2025\/impressum-wartungen\/\",\"name\":\"Impressum Wartungen - SCHWAIGER Heizung \u00b7 Sanit\u00e4r \u00b7 L\u00fcftung \u00b7 Wartungen \u00b7 Immobilien\",\"isPartOf\":{\"@id\":\"https:\/\/www.schwaiger.cc\/wpsc_2025\/#website\"},\"primaryImageOfPage\":{\"@id\":\"https:\/\/www.schwaiger.cc\/wpsc_2025\/impressum-wartungen\/#primaryimage\"},\"image\":{\"@id\":\"https:\/\/www.schwaiger.cc\/wpsc_2025\/impressum-wartungen\/#primaryimage\"},\"thumbnailUrl\":\"https:\/\/datenschutz-generator.de\/wp-content\/plugins\/ts-dsg\/images\/dsg-seal\/dsg-seal-ln-de.png\",\"datePublished\":\"2020-10-08T19:43:53+00:00\",\"dateModified\":\"2024-12-19T10:30:05+00:00\",\"breadcrumb\":{\"@id\":\"https:\/\/www.schwaiger.cc\/wpsc_2025\/impressum-wartungen\/#breadcrumb\"},\"inLanguage\":\"de\",\"potentialAction\":[{\"@type\":\"ReadAction\",\"target\":[\"https:\/\/www.schwaiger.cc\/wpsc_2025\/impressum-wartungen\/\"]}]},{\"@type\":\"ImageObject\",\"inLanguage\":\"de\",\"@id\":\"https:\/\/www.schwaiger.cc\/wpsc_2025\/impressum-wartungen\/#primaryimage\",\"url\":\"https:\/\/datenschutz-generator.de\/wp-content\/plugins\/ts-dsg\/images\/dsg-seal\/dsg-seal-ln-de.png\",\"contentUrl\":\"https:\/\/datenschutz-generator.de\/wp-content\/plugins\/ts-dsg\/images\/dsg-seal\/dsg-seal-ln-de.png\"},{\"@type\":\"BreadcrumbList\",\"@id\":\"https:\/\/www.schwaiger.cc\/wpsc_2025\/impressum-wartungen\/#breadcrumb\",\"itemListElement\":[{\"@type\":\"ListItem\",\"position\":1,\"name\":\"Startseite\",\"item\":\"https:\/\/www.schwaiger.cc\/wpsc_2025\/\"},{\"@type\":\"ListItem\",\"position\":2,\"name\":\"Impressum Wartungen\"}]},{\"@type\":\"WebSite\",\"@id\":\"https:\/\/www.schwaiger.cc\/wpsc_2025\/#website\",\"url\":\"https:\/\/www.schwaiger.cc\/wpsc_2025\/\",\"name\":\"SCHWAIGER Heizung \u00b7 Sanit\u00e4r \u00b7 L\u00fcftung \u00b7 Wartungen \u00b7 Immobilien\",\"description\":\"Ihr Installationsunternehmen in St. Johann im Pongau\",\"publisher\":{\"@id\":\"https:\/\/www.schwaiger.cc\/wpsc_2025\/#organization\"},\"potentialAction\":[{\"@type\":\"SearchAction\",\"target\":{\"@type\":\"EntryPoint\",\"urlTemplate\":\"https:\/\/www.schwaiger.cc\/wpsc_2025\/?s={search_term_string}\"},\"query-input\":{\"@type\":\"PropertyValueSpecification\",\"valueRequired\":true,\"valueName\":\"search_term_string\"}}],\"inLanguage\":\"de\"},{\"@type\":\"Organization\",\"@id\":\"https:\/\/www.schwaiger.cc\/wpsc_2025\/#organization\",\"name\":\"Schwaiger Heizung-Sanit\u00e4r-L\u00fcftung GmbH\",\"url\":\"https:\/\/www.schwaiger.cc\/wpsc_2025\/\",\"logo\":{\"@type\":\"ImageObject\",\"inLanguage\":\"de\",\"@id\":\"https:\/\/www.schwaiger.cc\/wpsc_2025\/#\/schema\/logo\/image\/\",\"url\":\"https:\/\/www.schwaiger.cc\/wpsc_2025\/wp-content\/uploads\/2021\/06\/schwaiger_logo.png\",\"contentUrl\":\"https:\/\/www.schwaiger.cc\/wpsc_2025\/wp-content\/uploads\/2021\/06\/schwaiger_logo.png\",\"width\":800,\"height\":230,\"caption\":\"Schwaiger Heizung-Sanit\u00e4r-L\u00fcftung GmbH\"},\"image\":{\"@id\":\"https:\/\/www.schwaiger.cc\/wpsc_2025\/#\/schema\/logo\/image\/\"}}]}<\/script>\n<!-- \/ Yoast SEO plugin. -->","yoast_head_json":{"title":"Impressum Wartungen - SCHWAIGER Heizung \u00b7 Sanit\u00e4r \u00b7 L\u00fcftung \u00b7 Wartungen \u00b7 Immobilien","robots":{"index":"index","follow":"follow","max-snippet":"max-snippet:-1","max-image-preview":"max-image-preview:large","max-video-preview":"max-video-preview:-1"},"canonical":"https:\/\/www.schwaiger.cc\/wpsc_2025\/impressum-wartungen\/","og_locale":"de_DE","og_type":"article","og_title":"Impressum Wartungen - SCHWAIGER Heizung \u00b7 Sanit\u00e4r \u00b7 L\u00fcftung \u00b7 Wartungen \u00b7 Immobilien","og_description":"Diensteanbieter Schwaiger Wartungs GmbH Industriestra\u00dfe 44 5600 St.Johann im Pongau \u00d6sterreich Kontaktm\u00f6glichkeiten E-Mail-Adresse: wartung[at]schwaiger.cc Telefon: 06412 5577-55 Fax: 06412 5577-9...","og_url":"https:\/\/www.schwaiger.cc\/wpsc_2025\/impressum-wartungen\/","og_site_name":"SCHWAIGER Heizung \u00b7 Sanit\u00e4r \u00b7 L\u00fcftung \u00b7 Wartungen \u00b7 Immobilien","article_modified_time":"2024-12-19T10:30:05+00:00","og_image":[{"url":"https:\/\/datenschutz-generator.de\/wp-content\/plugins\/ts-dsg\/images\/dsg-seal\/dsg-seal-ln-de.png","type":"","width":"","height":""}],"twitter_card":"summary_large_image","twitter_misc":{"Gesch\u00e4tzte Lesezeit":"1\u00a0Minute"},"schema":{"@context":"https:\/\/schema.org","@graph":[{"@type":"WebPage","@id":"https:\/\/www.schwaiger.cc\/wpsc_2025\/impressum-wartungen\/","url":"https:\/\/www.schwaiger.cc\/wpsc_2025\/impressum-wartungen\/","name":"Impressum Wartungen - SCHWAIGER Heizung \u00b7 Sanit\u00e4r \u00b7 L\u00fcftung \u00b7 Wartungen \u00b7 Immobilien","isPartOf":{"@id":"https:\/\/www.schwaiger.cc\/wpsc_2025\/#website"},"primaryImageOfPage":{"@id":"https:\/\/www.schwaiger.cc\/wpsc_2025\/impressum-wartungen\/#primaryimage"},"image":{"@id":"https:\/\/www.schwaiger.cc\/wpsc_2025\/impressum-wartungen\/#primaryimage"},"thumbnailUrl":"https:\/\/datenschutz-generator.de\/wp-content\/plugins\/ts-dsg\/images\/dsg-seal\/dsg-seal-ln-de.png","datePublished":"2020-10-08T19:43:53+00:00","dateModified":"2024-12-19T10:30:05+00:00","breadcrumb":{"@id":"https:\/\/www.schwaiger.cc\/wpsc_2025\/impressum-wartungen\/#breadcrumb"},"inLanguage":"de","potentialAction":[{"@type":"ReadAction","target":["https:\/\/www.schwaiger.cc\/wpsc_2025\/impressum-wartungen\/"]}]},{"@type":"ImageObject","inLanguage":"de","@id":"https:\/\/www.schwaiger.cc\/wpsc_2025\/impressum-wartungen\/#primaryimage","url":"https:\/\/datenschutz-generator.de\/wp-content\/plugins\/ts-dsg\/images\/dsg-seal\/dsg-seal-ln-de.png","contentUrl":"https:\/\/datenschutz-generator.de\/wp-content\/plugins\/ts-dsg\/images\/dsg-seal\/dsg-seal-ln-de.png"},{"@type":"BreadcrumbList","@id":"https:\/\/www.schwaiger.cc\/wpsc_2025\/impressum-wartungen\/#breadcrumb","itemListElement":[{"@type":"ListItem","position":1,"name":"Startseite","item":"https:\/\/www.schwaiger.cc\/wpsc_2025\/"},{"@type":"ListItem","position":2,"name":"Impressum Wartungen"}]},{"@type":"WebSite","@id":"https:\/\/www.schwaiger.cc\/wpsc_2025\/#website","url":"https:\/\/www.schwaiger.cc\/wpsc_2025\/","name":"SCHWAIGER Heizung \u00b7 Sanit\u00e4r \u00b7 L\u00fcftung \u00b7 Wartungen \u00b7 Immobilien","description":"Ihr Installationsunternehmen in St. Johann im Pongau","publisher":{"@id":"https:\/\/www.schwaiger.cc\/wpsc_2025\/#organization"},"potentialAction":[{"@type":"SearchAction","target":{"@type":"EntryPoint","urlTemplate":"https:\/\/www.schwaiger.cc\/wpsc_2025\/?s={search_term_string}"},"query-input":{"@type":"PropertyValueSpecification","valueRequired":true,"valueName":"search_term_string"}}],"inLanguage":"de"},{"@type":"Organization","@id":"https:\/\/www.schwaiger.cc\/wpsc_2025\/#organization","name":"Schwaiger Heizung-Sanit\u00e4r-L\u00fcftung GmbH","url":"https:\/\/www.schwaiger.cc\/wpsc_2025\/","logo":{"@type":"ImageObject","inLanguage":"de","@id":"https:\/\/www.schwaiger.cc\/wpsc_2025\/#\/schema\/logo\/image\/","url":"https:\/\/www.schwaiger.cc\/wpsc_2025\/wp-content\/uploads\/2021\/06\/schwaiger_logo.png","contentUrl":"https:\/\/www.schwaiger.cc\/wpsc_2025\/wp-content\/uploads\/2021\/06\/schwaiger_logo.png","width":800,"height":230,"caption":"Schwaiger Heizung-Sanit\u00e4r-L\u00fcftung GmbH"},"image":{"@id":"https:\/\/www.schwaiger.cc\/wpsc_2025\/#\/schema\/logo\/image\/"}}]}},"_links":{"self":[{"href":"https:\/\/www.schwaiger.cc\/wpsc_2025\/wp-json\/wp\/v2\/pages\/2485","targetHints":{"allow":["GET"]}}],"collection":[{"href":"https:\/\/www.schwaiger.cc\/wpsc_2025\/wp-json\/wp\/v2\/pages"}],"about":[{"href":"https:\/\/www.schwaiger.cc\/wpsc_2025\/wp-json\/wp\/v2\/types\/page"}],"author":[{"embeddable":true,"href":"https:\/\/www.schwaiger.cc\/wpsc_2025\/wp-json\/wp\/v2\/users\/1"}],"replies":[{"embeddable":true,"href":"https:\/\/www.schwaiger.cc\/wpsc_2025\/wp-json\/wp\/v2\/comments?post=2485"}],"version-history":[{"count":5,"href":"https:\/\/www.schwaiger.cc\/wpsc_2025\/wp-json\/wp\/v2\/pages\/2485\/revisions"}],"predecessor-version":[{"id":2683,"href":"https:\/\/www.schwaiger.cc\/wpsc_2025\/wp-json\/wp\/v2\/pages\/2485\/revisions\/2683"}],"wp:attachment":[{"href":"https:\/\/www.schwaiger.cc\/wpsc_2025\/wp-json\/wp\/v2\/media?parent=2485"}],"curies":[{"name":"wp","href":"https:\/\/api.w.org\/{rel}","templated":true}]}}